{"id":22929,"date":"2016-10-31T23:58:00","date_gmt":"2016-10-31T23:58:00","guid":{"rendered":"https:\/\/www.overboxtv.com\/?page_id=22929"},"modified":"2019-11-03T23:54:45","modified_gmt":"2019-11-03T23:54:45","slug":"startseite","status":"publish","type":"page","link":"https:\/\/www.overboxtv.com\/de\/","title":{"rendered":"Startseite"},"content":{"rendered":"\n<style type=\"text\/css\" data-created_by=\"avia_inline_auto\" id=\"style-css-av-9wuehg1-7e48646c03ac09ad8ff439ee8ea5db57\">\n.avia-section.av-9wuehg1-7e48646c03ac09ad8ff439ee8ea5db57{\nbackground-color:#010202;\nbackground-image:unset;\n}\n<\/style>\n<div id='av_section_1'  class='avia-section av-9wuehg1-7e48646c03ac09ad8ff439ee8ea5db57 main_color avia-section-default avia-no-border-styling  avia-builder-el-0  el_before_av_section  avia-builder-el-first  avia-bg-style-scroll container_wrap sidebar_right'  ><div class='container av-section-cont-open' ><main  role=\"main\" itemprop=\"mainContentOfPage\"  class='template-page content  av-content-small alpha units'><div class='post-entry post-entry-type-page post-entry-22929'><div class='entry-content-wrapper clearfix'>\n\n<style type=\"text\/css\" data-created_by=\"avia_inline_auto\" id=\"style-css-av-99t3sxd-a57bb384afb3a6a6c5a1b007f0dfd3f2\">\n#top .av-special-heading.av-99t3sxd-a57bb384afb3a6a6c5a1b007f0dfd3f2{\npadding-bottom:0;\ncolor:#92bdcc;\n}\nbody .av-special-heading.av-99t3sxd-a57bb384afb3a6a6c5a1b007f0dfd3f2 .av-special-heading-tag .heading-char{\nfont-size:25px;\n}\n.av-special-heading.av-99t3sxd-a57bb384afb3a6a6c5a1b007f0dfd3f2 .special-heading-inner-border{\nborder-color:#92bdcc;\n}\n.av-special-heading.av-99t3sxd-a57bb384afb3a6a6c5a1b007f0dfd3f2 .av-subheading{\nfont-size:21px;\n}\n<\/style>\n<div  class='av-special-heading av-99t3sxd-a57bb384afb3a6a6c5a1b007f0dfd3f2 av-special-heading-h1 custom-color-heading blockquote modern-quote modern-centered  avia-builder-el-1  avia-builder-el-no-sibling '><h1 class='av-special-heading-tag '  itemprop=\"headline\"  >OverBox Xplus<\/h1><div class='av_custom_color av-subheading av-subheading_below'><p>Jetzt zusehen in <b>4K<\/b><\/p>\n<\/div><div class=\"special-heading-border\"><div class=\"special-heading-inner-border\"><\/div><\/div><\/div>\n\n<\/div><\/div><\/main><!-- close content main element --><\/div><\/div>\n<style type=\"text\/css\" data-created_by=\"avia_inline_auto\" id=\"style-css-av-90wob5d-8880034b188608fff902c9d9a43fcd4c\">\n.avia-section.av-90wob5d-8880034b188608fff902c9d9a43fcd4c{\nbackground-repeat:no-repeat;\nbackground-image:url(https:\/\/www.overboxtv.com\/wp-content\/uploads\/2018\/02\/overbox-dark-channel-USA.jpg);\nbackground-position:50% 50%;\nbackground-attachment:scroll;\n}\n<\/style>\n<div id='av_section_2'  class='avia-section av-90wob5d-8880034b188608fff902c9d9a43fcd4c main_color avia-section-default avia-no-border-styling  avia-builder-el-2  el_after_av_section  el_before_av_section  av-desktop-hide av-medium-hide avia-full-stretch avia-bg-style-scroll av-minimum-height av-minimum-height-50 av-height-50  container_wrap sidebar_right'  data-section-bg-repeat='stretch' data-av_minimum_height_pc='50' data-av_min_height_opt='50'><div class='container av-section-cont-open' ><div class='template-page content  av-content-small alpha units'><div class='post-entry post-entry-type-page post-entry-22929'><div class='entry-content-wrapper clearfix'>\n<\/div><\/div><\/div><!-- close content main div --><\/div><\/div>\n<style type=\"text\/css\" data-created_by=\"avia_inline_auto\" id=\"style-css-av-8gdc84x-2baa1d398ee7ac9c9bada13a19243e16\">\n.avia-section.av-8gdc84x-2baa1d398ee7ac9c9bada13a19243e16{\nbackground-repeat:no-repeat;\nbackground-image:url(https:\/\/www.overboxtv.com\/wp-content\/uploads\/2018\/02\/OverBox-devoice-remote-darkroom-1.jpg);\nbackground-position:50% 0%;\nbackground-attachment:scroll;\n}\n<\/style>\n<div id='av_section_3'  class='avia-section av-8gdc84x-2baa1d398ee7ac9c9bada13a19243e16 main_color avia-section-default avia-no-border-styling  avia-builder-el-3  el_after_av_section  el_before_av_section  av-desktop-hide av-medium-hide avia-full-stretch avia-bg-style-scroll av-minimum-height av-minimum-height-50 av-height-50  container_wrap sidebar_right'  data-section-bg-repeat='stretch' data-av_minimum_height_pc='50' data-av_min_height_opt='50'><div class='container av-section-cont-open' ><div class='template-page content  av-content-small alpha units'><div class='post-entry post-entry-type-page post-entry-22929'><div class='entry-content-wrapper clearfix'>\n\n<style type=\"text\/css\" data-created_by=\"avia_inline_auto\" id=\"style-css-av-874620h-9e26c891c81595a4253d70a4d33cf7de\">\n#top .flex_column.av-874620h-9e26c891c81595a4253d70a4d33cf7de{\nmargin-top:30px;\nmargin-bottom:0px;\n}\n.flex_column.av-874620h-9e26c891c81595a4253d70a4d33cf7de{\nborder-radius:0px 0px 0px 0px;\npadding:0px 5% 0px 5%;\n}\n.responsive #top #wrap_all .flex_column.av-874620h-9e26c891c81595a4253d70a4d33cf7de{\nmargin-top:30px;\nmargin-bottom:0px;\n}\n<\/style>\n<div  class='flex_column av-874620h-9e26c891c81595a4253d70a4d33cf7de av_one_full  avia-builder-el-4  avia-builder-el-no-sibling  first flex_column_div  '     ><p>\n<style type=\"text\/css\" data-created_by=\"avia_inline_auto\" id=\"style-css-av-7ldfh01-c723100c4219cd35a9a7f032ced7e692\">\n#top .av_textblock_section.av-7ldfh01-c723100c4219cd35a9a7f032ced7e692 .avia_textblock{\nfont-size:13px;\ncolor:#4ecac2;\n}\n<\/style>\n<section  class='av_textblock_section av-7ldfh01-c723100c4219cd35a9a7f032ced7e692 '   itemscope=\"itemscope\" itemtype=\"https:\/\/schema.org\/CreativeWork\" ><div class='avia_textblock av_inherit_color'  itemprop=\"text\" ><p>OverBox Xplus (Ger\u00e4t + Abonnement) k\u00f6nnen Sie mehr als 6000 TV-Kan\u00e4le, Filme und Shows ansehen (keine zus\u00e4tzlichen Geb\u00fchren). Streame Live Sport und Nachrichten noch dazu wird ihr Fernsehen mit tollen neuen Funktionen abgestimmt.<\/p>\n<\/div><\/section><br \/>\n<div  class='avia-button-wrap av-7bp0lsh-8025e5c9a5b585adff89737440484cd4-wrap avia-button-center  avia-builder-el-6  el_after_av_textblock  avia-builder-el-last '><a href='https:\/\/www.overboxtv.com\/de\/produkt\/iptv-box-abo\/'  class='avia-button av-7bp0lsh-8025e5c9a5b585adff89737440484cd4 av-link-btn avia-icon_select-no avia-size-small avia-position-center avia-color-light'   aria-label=\"Weiterlesen\"><span class='avia_iconbox_title' >Weiterlesen<\/span><\/a><\/div><\/p><\/div><\/div><\/div><\/div><!-- close content main div --><\/div><\/div>\n<style type=\"text\/css\" data-created_by=\"avia_inline_auto\" id=\"style-css-av-6reo60h-11299d9c036739f3fa31306b2b3d6316\">\n.avia-section.av-6reo60h-11299d9c036739f3fa31306b2b3d6316{\nbackground-repeat:no-repeat;\nbackground-image:url(https:\/\/www.overboxtv.com\/wp-content\/uploads\/2018\/02\/overbox-dark-channel-USA-1.jpg);\nbackground-position:50% 50%;\nbackground-attachment:scroll;\n}\n<\/style>\n<div id='av_section_4'  class='avia-section av-6reo60h-11299d9c036739f3fa31306b2b3d6316 main_color avia-section-default avia-no-border-styling  avia-builder-el-7  el_after_av_section  el_before_av_section  av-small-hide av-mini-hide avia-full-stretch avia-bg-style-scroll av-minimum-height av-minimum-height-75 av-height-75  container_wrap sidebar_right'  data-section-bg-repeat='stretch' data-av_minimum_height_pc='75' data-av_min_height_opt='75'><div class='container av-section-cont-open' ><div class='template-page content  av-content-small alpha units'><div class='post-entry post-entry-type-page post-entry-22929'><div class='entry-content-wrapper clearfix'><\/p>\n<\/div><\/div><\/div><!-- close content main div --><\/div><\/div>\n<style type=\"text\/css\" data-created_by=\"avia_inline_auto\" id=\"style-css-av-60wgqs1-5348cb0634c30cd7589ff60d3f178af6\">\n.avia-section.av-60wgqs1-5348cb0634c30cd7589ff60d3f178af6{\nbackground-repeat:no-repeat;\nbackground-image:url(https:\/\/www.overboxtv.com\/wp-content\/uploads\/2018\/02\/OverBox-devoice-remote-darkroom-1.jpg);\nbackground-position:50% 0%;\nbackground-attachment:scroll;\n}\n<\/style>\n<div id='overboxdarktext'  class='avia-section av-60wgqs1-5348cb0634c30cd7589ff60d3f178af6 main_color avia-section-default avia-no-border-styling  avia-builder-el-8  el_after_av_section  el_before_av_section  av-small-hide av-mini-hide avia-full-stretch avia-bg-style-scroll av-minimum-height av-minimum-height-75 av-height-75  container_wrap sidebar_right'  data-section-bg-repeat='stretch' data-av_minimum_height_pc='75' data-av_min_height_opt='75'><div class='container av-section-cont-open' ><div class='template-page content  av-content-small alpha units'><div class='post-entry post-entry-type-page post-entry-22929'><div class='entry-content-wrapper clearfix'>\n\n<style type=\"text\/css\" data-created_by=\"avia_inline_auto\" id=\"style-css-av-5vwloxd-45fbd016332e3e933d781720b70d369a\">\n.flex_column.av-5vwloxd-45fbd016332e3e933d781720b70d369a{\nborder-radius:0px 0px 0px 0px;\npadding:0px 25% 0px 25%;\n}\n<\/style>\n<div  class='flex_column av-5vwloxd-45fbd016332e3e933d781720b70d369a av_one_full  avia-builder-el-9  avia-builder-el-no-sibling  first flex_column_div  '     ><p>\n<style type=\"text\/css\" data-created_by=\"avia_inline_auto\" id=\"style-css-av-5dk7oq9-402a02f7ff41804f8a64d701c8d45036\">\n#top .av_textblock_section.av-5dk7oq9-402a02f7ff41804f8a64d701c8d45036 .avia_textblock{\nfont-size:20px;\ncolor:#4ecac2;\n}\n<\/style>\n<section  class='av_textblock_section av-5dk7oq9-402a02f7ff41804f8a64d701c8d45036 '   itemscope=\"itemscope\" itemtype=\"https:\/\/schema.org\/CreativeWork\" ><div class='avia_textblock av_inherit_color'  itemprop=\"text\" ><p>OverBox Xplus (Ger\u00e4t + Abonnement) k\u00f6nnen Sie mehr als 6000 TV-Kan\u00e4le, Filme und Shows ansehen (keine zus\u00e4tzlichen Geb\u00fchren). Streams Live-Sport und Nachrichten. Und stimmt Ihren Fernseher mit tollen Funktionen ab.<\/p>\n<\/div><\/section><br \/>\n\n<style type=\"text\/css\" data-created_by=\"avia_inline_auto\" id=\"style-css-av-4ra2de9-7ffedcbb83a853dd4e7700e3c2c90a1b\">\n#top .hr.hr-invisible.av-4ra2de9-7ffedcbb83a853dd4e7700e3c2c90a1b{\nheight:20px;\n}\n<\/style>\n<div  class='hr av-4ra2de9-7ffedcbb83a853dd4e7700e3c2c90a1b hr-invisible  avia-builder-el-11  el_after_av_textblock  el_before_av_button '><span class='hr-inner '><span class=\"hr-inner-style\"><\/span><\/span><\/div><br \/>\n<div  class='avia-button-wrap av-46oxzkh-943e67243a4dac936ea631f030c7bc40-wrap avia-button-center  avia-builder-el-12  el_after_av_hr  avia-builder-el-last '><a href='https:\/\/www.overboxtv.com\/de\/produkt\/iptv-box-abo\/'  class='avia-button av-46oxzkh-943e67243a4dac936ea631f030c7bc40 av-link-btn avia-icon_select-no avia-size-medium avia-position-center avia-color-light'   aria-label=\"Weiterlesen\"><span class='avia_iconbox_title' >Weiterlesen<\/span><\/a><\/div><\/p><\/div><\/div><\/div><\/div><!-- close content main div --><\/div><\/div>\n<style type=\"text\/css\" data-created_by=\"avia_inline_auto\" id=\"style-css-av-44ma8b5-1cc361c6fe1833eb2fafffae02fbdbdb\">\n.avia-section.av-44ma8b5-1cc361c6fe1833eb2fafffae02fbdbdb .av-parallax .av-parallax-inner{\nbackground-repeat:no-repeat;\nbackground-image:url(https:\/\/www.overboxtv.com\/wp-content\/uploads\/2018\/02\/iptv-bg.jpg);\nbackground-position:50% 50%;\nbackground-attachment:scroll;\n}\n<\/style>\n<div id='av_section_6'  class='avia-section av-44ma8b5-1cc361c6fe1833eb2fafffae02fbdbdb main_color avia-section-default avia-no-shadow  avia-builder-el-13  el_after_av_section  avia-builder-el-last  avia-full-stretch av-parallax-section avia-bg-style-parallax av-minimum-height av-minimum-height-100 av-height-100  container_wrap sidebar_right'  data-section-bg-repeat='stretch' data-av_minimum_height_pc='100' data-av_min_height_opt='100'><div class='av-parallax' data-avia-parallax-ratio='0.3' ><div class='av-parallax-inner main_color avia-full-stretch'><\/div><\/div><div class='container av-section-cont-open' ><div class='template-page content  av-content-small alpha units'><div class='post-entry post-entry-type-page post-entry-22929'><div class='entry-content-wrapper clearfix'>\n\n<style type=\"text\/css\" data-created_by=\"avia_inline_auto\" id=\"style-css-av-3jao229-d5f3ef034bfb2f4af34fed39b763ca33\">\n.flex_column.av-3jao229-d5f3ef034bfb2f4af34fed39b763ca33{\nborder-radius:0px 0px 0px 0px;\npadding:5% 0 5% 10%;\n}\n<\/style>\n<div  class='flex_column av-3jao229-d5f3ef034bfb2f4af34fed39b763ca33 av_one_half  avia-builder-el-14  el_before_av_one_half  avia-builder-el-first  first flex_column_div  '     ><style type=\"text\/css\" data-created_by=\"avia_inline_auto\" id=\"style-css-av-363dpu9-0ec6915aa5818e433bd66b4cffce58d5\">\n#top .av_textblock_section.av-363dpu9-0ec6915aa5818e433bd66b4cffce58d5 .avia_textblock{\nfont-size:20px;\ncolor:#4ecac2;\n}\n<\/style>\n<section  class='av_textblock_section av-363dpu9-0ec6915aa5818e433bd66b4cffce58d5 '   itemscope=\"itemscope\" itemtype=\"https:\/\/schema.org\/CreativeWork\" ><div class='avia_textblock av_inherit_color'  itemprop=\"text\" ><h1>IPTV abonnement<\/h1>\n<p><span style=\"color: #6a7189;\">Der leistungsf\u00e4higste IPTV-Dienst, der \u00fcber 6000 TV-Sender aus mehr als 50 L\u00e4ndern sendet. Kompatibel mit allen Ger\u00e4ten.<\/span><\/p>\n<\/div><\/section><br \/>\n\n<style type=\"text\/css\" data-created_by=\"avia_inline_auto\" id=\"style-css-av-9j4lm9-9945d29ecf31ff498286466a54bcd1cb\">\n.avia-image-container.av-9j4lm9-9945d29ecf31ff498286466a54bcd1cb img.avia_image{\nbox-shadow:none;\n}\n.avia-image-container.av-9j4lm9-9945d29ecf31ff498286466a54bcd1cb .av-image-caption-overlay-center{\ncolor:#ffffff;\n}\n<\/style>\n<div  class='avia-image-container av-9j4lm9-9945d29ecf31ff498286466a54bcd1cb av-styling- avia-align-left  avia-builder-el-16  el_after_av_textblock  el_before_av_hr '   itemprop=\"image\" itemscope=\"itemscope\" itemtype=\"https:\/\/schema.org\/ImageObject\" ><div class=\"avia-image-container-inner\"><div class=\"avia-image-overlay-wrap\"><img wpfc-lazyload-disable=\"true\" fetchpriority=\"high\" class='wp-image-22465 avia-img-lazy-loading-not-22465 avia_image ' src='https:\/\/www.overboxtv.com\/wp-content\/uploads\/2018\/02\/devices-icons-iptv-1.png' alt='IPTV for all devices' title='IPTV for all devices'  height=\"100\" width=\"764\"  itemprop=\"thumbnailUrl\"  \/><\/div><\/div><\/div><br \/>\n\n<style type=\"text\/css\" data-created_by=\"avia_inline_auto\" id=\"style-css-av-stvdd-4f70e7cd07314c6937b79f2f1c25428c\">\n#top .hr.hr-invisible.av-stvdd-4f70e7cd07314c6937b79f2f1c25428c{\nheight:30px;\n}\n<\/style>\n<div  class='hr av-stvdd-4f70e7cd07314c6937b79f2f1c25428c hr-invisible  avia-builder-el-17  el_after_av_image  el_before_av_button '><span class='hr-inner '><span class=\"hr-inner-style\"><\/span><\/span><\/div><br \/>\n<div  class='avia-button-wrap av-1j76zht-9e0bc41b959a194af2fdbc58be27fccb-wrap avia-button-left  avia-builder-el-18  el_after_av_hr  avia-builder-el-last '>\n<style type=\"text\/css\" data-created_by=\"avia_inline_auto\" id=\"style-css-av-1j76zht-9e0bc41b959a194af2fdbc58be27fccb\">\n#top #wrap_all .avia-button.av-1j76zht-9e0bc41b959a194af2fdbc58be27fccb{\nbackground-color:#28314a;\nborder-color:#28314a;\ncolor:#0aa8e5;\ntransition:all 0.4s ease-in-out;\n}\n<\/style>\n<a href='https:\/\/www.overboxtv.com\/de\/produkt\/abo-iptv\/'  class='avia-button av-1j76zht-9e0bc41b959a194af2fdbc58be27fccb av-link-btn avia-icon_select-no avia-size-large avia-position-left'   aria-label=\"Weiterlesen\"><span class='avia_iconbox_title' >Weiterlesen<\/span><\/a><\/div><\/p><\/div>\n<style type=\"text\/css\" data-created_by=\"avia_inline_auto\" id=\"style-css-av-zrt369-72ad011caf6b09fa523f1ad5d8df5f73\">\n.flex_column.av-zrt369-72ad011caf6b09fa523f1ad5d8df5f73{\nborder-radius:0px 0px 0px 0px;\npadding:0px 0px 0px 0px;\n}\n<\/style>\n<div  class='flex_column av-zrt369-72ad011caf6b09fa523f1ad5d8df5f73 av_one_half  avia-builder-el-19  el_after_av_one_half  avia-builder-el-last  flex_column_div av-zero-column-padding  '     ><style type=\"text\/css\" data-created_by=\"avia_inline_auto\" id=\"style-css-av-tau65t-d33bb0625f8eca32530660e8e1905795\">\n.avia-image-container.av-tau65t-d33bb0625f8eca32530660e8e1905795 img.avia_image{\nbox-shadow:none;\n}\n.avia-image-container.av-tau65t-d33bb0625f8eca32530660e8e1905795 .av-image-caption-overlay-center{\ncolor:#ffffff;\n}\n<\/style>\n<div  class='avia-image-container av-tau65t-d33bb0625f8eca32530660e8e1905795 av-styling- avia-align-left  avia-builder-el-20  avia-builder-el-no-sibling '   itemprop=\"image\" itemscope=\"itemscope\" itemtype=\"https:\/\/schema.org\/ImageObject\" ><div class=\"avia-image-container-inner\"><div class=\"avia-image-overlay-wrap\"><img wpfc-lazyload-disable=\"true\" fetchpriority=\"high\" class='wp-image-22445 avia-img-lazy-loading-not-22445 avia_image ' src='https:\/\/www.overboxtv.com\/wp-content\/uploads\/2018\/02\/family-iptv.png' alt='' title='family-iptv'  height=\"492\" width=\"661\"  itemprop=\"thumbnailUrl\"  \/><\/div><\/div><\/div><\/div><\/div><\/div><\/div><!-- close content main div --><\/div><\/div><div id='after_section_6'  class='main_color av_default_container_wrap container_wrap sidebar_right'  ><div class='container av-section-cont-open' ><div class='template-page content  av-content-small alpha units'><div class='post-entry post-entry-type-page post-entry-22929'><div class='entry-content-wrapper clearfix'><\/p>\n","protected":false},"excerpt":{"rendered":"","protected":false},"author":1,"featured_media":0,"parent":0,"menu_order":0,"comment_status":"closed","ping_status":"closed","template":"","meta":{"om_disable_all_campaigns":false,"_monsterinsights_skip_tracking":false,"_monsterinsights_sitenote_active":false,"_monsterinsights_sitenote_note":"","_monsterinsights_sitenote_category":0,"_uf_show_specific_survey":0,"_uf_disable_surveys":false,"footnotes":""},"class_list":["post-22929","page","type-page","status-publish","hentry"],"aioseo_notices":[],"_links":{"self":[{"href":"https:\/\/www.overboxtv.com\/de\/wp-json\/wp\/v2\/pages\/22929","targetHints":{"allow":["GET"]}}],"collection":[{"href":"https:\/\/www.overboxtv.com\/de\/wp-json\/wp\/v2\/pages"}],"about":[{"href":"https:\/\/www.overboxtv.com\/de\/wp-json\/wp\/v2\/types\/page"}],"author":[{"embeddable":true,"href":"https:\/\/www.overboxtv.com\/de\/wp-json\/wp\/v2\/users\/1"}],"replies":[{"embeddable":true,"href":"https:\/\/www.overboxtv.com\/de\/wp-json\/wp\/v2\/comments?post=22929"}],"version-history":[{"count":2,"href":"https:\/\/www.overboxtv.com\/de\/wp-json\/wp\/v2\/pages\/22929\/revisions"}],"predecessor-version":[{"id":36109,"href":"https:\/\/www.overboxtv.com\/de\/wp-json\/wp\/v2\/pages\/22929\/revisions\/36109"}],"wp:attachment":[{"href":"https:\/\/www.overboxtv.com\/de\/wp-json\/wp\/v2\/media?parent=22929"}],"curies":[{"name":"wp","href":"https:\/\/api.w.org\/{rel}","templated":true}]}}